{"id":633,"date":"2023-05-24T07:06:31","date_gmt":"2023-05-24T07:06:31","guid":{"rendered":"https:\/\/vallartarivieratransfers.com\/?page_id=633"},"modified":"2023-11-27T18:09:54","modified_gmt":"2023-11-27T18:09:54","slug":"vouchers","status":"publish","type":"page","link":"https:\/\/vallartarivieratransfers.com\/en\/vouchers\/","title":{"rendered":"Vouchers"},"content":{"rendered":"<p>[et_pb_section fb_built=\u00bb1&#8243; admin_label=\u00bbsection\u00bb _builder_version=\u00bb4.16&#8243; global_colors_info=\u00bb{}\u00bb][et_pb_row admin_label=\u00bbrow\u00bb _builder_version=\u00bb4.16&#8243; background_size=\u00bbinitial\u00bb background_position=\u00bbtop_left\u00bb background_repeat=\u00bbrepeat\u00bb global_colors_info=\u00bb{}\u00bb][et_pb_column type=\u00bb4_4&#8243; _builder_version=\u00bb4.16&#8243; custom_padding=\u00bb|||\u00bb global_colors_info=\u00bb{}\u00bb custom_padding__hover=\u00bb|||\u00bb][et_pb_text admin_label=\u00bbText\u00bb _builder_version=\u00bb4.19.4&#8243; background_size=\u00bbinitial\u00bb background_position=\u00bbtop_left\u00bb background_repeat=\u00bbrepeat\u00bb global_colors_info=\u00bb{}\u00bb]<\/p>\n<h1>Voucher Round Trip<\/h1>\n<p><a href=\"https:\/\/vallartarivieratransfers.com\/wp-content\/uploads\/2023\/05\/RT-Ingles.pdf\" target=\"_blank\" rel=\"noopener\">Ingl\u00e9s<\/a><\/p>\n<p><a href=\"https:\/\/vallartarivieratransfers.com\/wp-content\/uploads\/2023\/05\/RT-Espanol.pdf\" target=\"_blank\" rel=\"noopener\">Espa\u00f1ol<\/a><\/p>\n<h1>Voucher One Way<\/h1>\n<p><a href=\"https:\/\/vallartarivieratransfers.com\/wp-content\/uploads\/2023\/05\/OW-Ingles.pdf\" target=\"_blank\" rel=\"noopener\">Ingl\u00e9s <\/a><\/p>\n<p><a href=\"https:\/\/vallartarivieratransfers.com\/wp-content\/uploads\/2023\/05\/OW-Espanol.pdf\" target=\"_blank\" rel=\"noopener\">Espa\u00f1ol<\/a><\/p>\n<div id=\"simple-translate\" class=\"simple-translate-system-theme\">\n<div>\n<div class=\"simple-translate-button isShow\" style=\"background-image: url('chrome-extension:\/\/cllnohpbfenopiakdcjmjcbaeapmkcdl\/icons\/512.png'); height: 22px; width: 22px; top: 197px; left: 51px;\"><\/div>\n<div class=\"simple-translate-panel\" style=\"width: 300px; height: 200px; top: 0px; left: 0px; font-size: 13px;\">\n<div class=\"simple-translate-result-wrapper\" style=\"overflow: hidden;\">\n<div class=\"simple-translate-move\" draggable=\"true\"><\/div>\n<div class=\"simple-translate-result-contents\">\n<p class=\"simple-translate-result\" dir=\"auto\">\n<p class=\"simple-translate-candidate\" dir=\"auto\">\n<\/div>\n<\/div>\n<\/div>\n<\/div>\n<\/div>\n<p>[\/et_pb_text][\/et_pb_column][\/et_pb_row][\/et_pb_section]<\/p>","protected":false},"excerpt":{"rendered":"<p>Voucher Round Trip Ingl\u00e9s Espa\u00f1ol Voucher One Way Ingl\u00e9s Espa\u00f1ol<\/p>","protected":false},"author":1,"featured_media":0,"parent":0,"menu_order":0,"comment_status":"closed","ping_status":"closed","template":"page-template-blank.php","meta":{"_et_pb_use_builder":"on","_et_pb_old_content":"<h1>Voucher Round Trip<\/h1><p><a href=\"https:\/\/vallartarivieratransfers.com\/wp-content\/uploads\/2023\/05\/RT-Ingles.pdf\">Ingl\u00e9s<\/a><\/p><p><a href=\"https:\/\/vallartarivieratransfers.com\/wp-content\/uploads\/2023\/05\/RT-Espanol.pdf\">Espa\u00f1ol<\/a><\/p><h1>Voucher One Way<\/h1><p><a href=\"https:\/\/vallartarivieratransfers.com\/wp-content\/uploads\/2023\/05\/OW-Ingles.pdf\">Ingl\u00e9s <\/a><\/p><p><a href=\"https:\/\/vallartarivieratransfers.com\/wp-content\/uploads\/2023\/05\/OW-Espanol.pdf\">Espa\u00f1ol<\/a><\/p>","_et_gb_content_width":"","footnotes":""},"class_list":["post-633","page","type-page","status-publish","hentry"],"_links":{"self":[{"href":"https:\/\/vallartarivieratransfers.com\/en\/wp-json\/wp\/v2\/pages\/633","targetHints":{"allow":["GET"]}}],"collection":[{"href":"https:\/\/vallartarivieratransfers.com\/en\/wp-json\/wp\/v2\/pages"}],"about":[{"href":"https:\/\/vallartarivieratransfers.com\/en\/wp-json\/wp\/v2\/types\/page"}],"author":[{"embeddable":true,"href":"https:\/\/vallartarivieratransfers.com\/en\/wp-json\/wp\/v2\/users\/1"}],"replies":[{"embeddable":true,"href":"https:\/\/vallartarivieratransfers.com\/en\/wp-json\/wp\/v2\/comments?post=633"}],"version-history":[{"count":0,"href":"https:\/\/vallartarivieratransfers.com\/en\/wp-json\/wp\/v2\/pages\/633\/revisions"}],"wp:attachment":[{"href":"https:\/\/vallartarivieratransfers.com\/en\/wp-json\/wp\/v2\/media?parent=633"}],"curies":[{"name":"wp","href":"https:\/\/api.w.org\/{rel}","templated":true}]}}